{"id":2,"date":"2025-07-22T14:34:18","date_gmt":"2025-07-22T14:34:18","guid":{"rendered":"https:\/\/100.externatoam.com\/?page_id=2"},"modified":"2025-07-22T14:46:10","modified_gmt":"2025-07-22T14:46:10","slug":"sample-page","status":"publish","type":"page","link":"https:\/\/100.externatoam.com\/index.php\/sample-page\/","title":{"rendered":"Contactos"},"content":{"rendered":"\n<p><strong>Externato da Apresenta\u00e7\u00e3o de Maria<br><\/strong><em>Rua das Merc\u00eas, 25<\/em><br><em>9000-224 Funchal<\/em><br><em>secretaria23@externatoam.com\u200b<\/em><br><em>colegio.fx.ppcamaria@netmadeira.com<\/em><br><em>291\u00a0222 071<\/em><\/p>\n","protected":false},"excerpt":{"rendered":"<p>Externato da Apresenta\u00e7\u00e3o de MariaRua das Merc\u00eas, 259000-224 Funchalsecretaria23@externatoam.com\u200bcolegio.fx.ppcamaria@netmadeira.com291\u00a0222 071<\/p>\n","protected":false},"author":1,"featured_media":0,"parent":0,"menu_order":0,"comment_status":"closed","ping_status":"closed","template":"","meta":{"footnotes":""},"class_list":["post-2","page","type-page","status-publish","hentry"],"_links":{"self":[{"href":"https:\/\/100.externatoam.com\/index.php\/wp-json\/wp\/v2\/pages\/2","targetHints":{"allow":["GET"]}}],"collection":[{"href":"https:\/\/100.externatoam.com\/index.php\/wp-json\/wp\/v2\/pages"}],"about":[{"href":"https:\/\/100.externatoam.com\/index.php\/wp-json\/wp\/v2\/types\/page"}],"author":[{"embeddable":true,"href":"https:\/\/100.externatoam.com\/index.php\/wp-json\/wp\/v2\/users\/1"}],"replies":[{"embeddable":true,"href":"https:\/\/100.externatoam.com\/index.php\/wp-json\/wp\/v2\/comments?post=2"}],"version-history":[{"count":1,"href":"https:\/\/100.externatoam.com\/index.php\/wp-json\/wp\/v2\/pages\/2\/revisions"}],"predecessor-version":[{"id":7,"href":"https:\/\/100.externatoam.com\/index.php\/wp-json\/wp\/v2\/pages\/2\/revisions\/7"}],"wp:attachment":[{"href":"https:\/\/100.externatoam.com\/index.php\/wp-json\/wp\/v2\/media?parent=2"}],"curies":[{"name":"wp","href":"https:\/\/api.w.org\/{rel}","templated":true}]}}